{"id":6,"date":"2023-11-13T16:32:00","date_gmt":"2023-11-13T16:32:00","guid":{"rendered":"https:\/\/nichtnur.com\/?page_id=6"},"modified":"2026-02-06T14:03:03","modified_gmt":"2026-02-06T14:03:03","slug":"home","status":"publish","type":"page","link":"https:\/\/nichtnur.com\/index.php\/fenstercafe-kirchstrasse-3-gottlieben\/home\/","title":{"rendered":"Feines aus Mexico"},"content":{"rendered":"\n<p style=\"font-size:0rem\"><!-- Google tag (gtag.js) --><br><script async=\"\" src=\"https:\/\/www.googletagmanager.com\/gtag\/js?id=G-KH5MWVK2QB\"><\/script><br><script><br \/>\n  window.dataLayer = window.dataLayer || [];<br \/>\n  function gtag(){dataLayer.push(arguments);}<br \/>\n  gtag('js', new Date());<\/p>\n<p>  gtag('config', 'G-KH5MWVK2QB');<br \/>\n<\/script><br><!-- Google Tag Manager --><br><script>(function(w,d,s,l,i){w[l]=w[l]||[];w[l].push({'gtm.start':<br \/>\nnew Date().getTime(),event:'gtm.js'});var f=d.getElementsByTagName(s)[0],<br \/>\nj=d.createElement(s),dl=l!='dataLayer'?'&l='+l:'';j.async=true;j.src=<br \/>\n'https:\/\/www.googletagmanager.com\/gtm.js?id='+i+dl;f.parentNode.insertBefore(j,f);<br \/>\n})(window,document,'script','dataLayer','GTM-KBX6PGHS');<\/script><br><!-- End Google Tag Manager --><\/p>\n\n\n\n<div class=\"wp-block-cover alignfull\"><video class=\"wp-block-cover__video-background intrinsic-ignore\" autoplay muted loop playsinline src=\"https:\/\/nichtnur.com\/wp-content\/uploads\/2024\/03\/D02E9750-7725-4A4A-9073-B5EE64D69F2A.mp4\" style=\"object-position:51% 48%\" data-object-fit=\"cover\" data-object-position=\"51% 48%\"><\/video><span aria-hidden=\"true\" class=\"wp-block-cover__background has-background-dim\"><\/span><div class=\"wp-block-cover__inner-container is-layout-flow wp-block-cover-is-layout-flow\">\n<figure class=\"wp-block-pullquote has-large-font-size\"><blockquote><p><em>Unser eigener Spezialit\u00e4ten-Kaffee aus Mexico<\/em> ist da!<\/p><\/blockquote><\/figure>\n<\/div><\/div>\n\n\n\n<h2 class=\"wp-block-heading\">Kaffee R\u00f6stung<\/h2>\n\n\n\n<p>Unser Kaffee kommt ohne Zwischenh\u00e4ndler in die Schweiz. Hier R\u00f6sten wir ihn selbst um euch ein unvergessliches Kaffeeerlebnis zu erm\u00f6glichen. Unser Spezialit\u00e4tenkaffee der Varit\u00e4t Catimor hat Geschmacksnoten von Marzipan, Maple, Nuss, Rohrzucker und Blutorangen. Neben der fein duftenden Tasse Kaffee nach Wahl kannst du bei uns auch die ger\u00f6steten Bohnen kaufen um ein wenig Mexico in dein Zuhause zu bringen.<\/p>\n\n\n\n<figure class=\"wp-block-gallery has-nested-images columns-default is-cropped wp-block-gallery-1 is-layout-flex wp-block-gallery-is-layout-flex\">\n<figure class=\"wp-block-image size-large\"><img loading=\"lazy\" decoding=\"async\" width=\"576\" height=\"1024\" data-id=\"292\" src=\"https:\/\/nichtnur.com\/wp-content\/uploads\/2026\/02\/roesterei-576x1024.jpeg\" alt=\"\" class=\"wp-image-292\" srcset=\"https:\/\/nichtnur.com\/wp-content\/uploads\/2026\/02\/roesterei-576x1024.jpeg 576w, https:\/\/nichtnur.com\/wp-content\/uploads\/2026\/02\/roesterei-169x300.jpeg 169w, https:\/\/nichtnur.com\/wp-content\/uploads\/2026\/02\/roesterei-768x1365.jpeg 768w, https:\/\/nichtnur.com\/wp-content\/uploads\/2026\/02\/roesterei-864x1536.jpeg 864w, https:\/\/nichtnur.com\/wp-content\/uploads\/2026\/02\/roesterei.jpeg 900w\" sizes=\"auto, (max-width: 576px) 100vw, 576px\" \/><\/figure>\n\n\n\n<figure class=\"wp-block-image size-full\"><img loading=\"lazy\" decoding=\"async\" width=\"400\" height=\"711\" data-id=\"294\" src=\"https:\/\/nichtnur.com\/wp-content\/uploads\/2026\/02\/WhatsApp-Video-2026-02-06-at-14.40.42.gif\" alt=\"\" class=\"wp-image-294\"\/><\/figure>\n\n\n\n<figure class=\"wp-block-image size-large\"><img loading=\"lazy\" decoding=\"async\" width=\"576\" height=\"1024\" data-id=\"293\" src=\"https:\/\/nichtnur.com\/wp-content\/uploads\/2026\/02\/WhatsApp-Image-2026-02-06-at-14.38.47-576x1024.jpeg\" alt=\"\" class=\"wp-image-293\" srcset=\"https:\/\/nichtnur.com\/wp-content\/uploads\/2026\/02\/WhatsApp-Image-2026-02-06-at-14.38.47-576x1024.jpeg 576w, https:\/\/nichtnur.com\/wp-content\/uploads\/2026\/02\/WhatsApp-Image-2026-02-06-at-14.38.47-169x300.jpeg 169w, https:\/\/nichtnur.com\/wp-content\/uploads\/2026\/02\/WhatsApp-Image-2026-02-06-at-14.38.47-768x1365.jpeg 768w, https:\/\/nichtnur.com\/wp-content\/uploads\/2026\/02\/WhatsApp-Image-2026-02-06-at-14.38.47-864x1536.jpeg 864w, https:\/\/nichtnur.com\/wp-content\/uploads\/2026\/02\/WhatsApp-Image-2026-02-06-at-14.38.47.jpeg 900w\" sizes=\"auto, (max-width: 576px) 100vw, 576px\" \/><\/figure>\n<\/figure>\n\n\n\n<h2 class=\"wp-block-heading\">Kaffee Anbau<\/h2>\n\n\n\n<p>In den W\u00e4ldern von Veracrux w\u00e4chst unser Spezialit\u00e4tenkaffee auf 1200 m.\u00fc.M. Angel, unser Kaffeebauer, lebt mit seiner Familie in mitten von Bergen, umgeben von seinen Kaffeepflanzen auf der Finca el Sotano.<\/p>\n\n\n\n<figure class=\"wp-block-gallery has-nested-images columns-default is-cropped wp-block-gallery-2 is-layout-flex wp-block-gallery-is-layout-flex\">\n<figure class=\"wp-block-image size-large\"><img loading=\"lazy\" decoding=\"async\" width=\"768\" height=\"1024\" data-id=\"191\" src=\"https:\/\/nichtnur.com\/wp-content\/uploads\/2024\/12\/IMG_7315-768x1024.jpg\" alt=\"\" class=\"wp-image-191\" srcset=\"https:\/\/nichtnur.com\/wp-content\/uploads\/2024\/12\/IMG_7315-768x1024.jpg 768w, https:\/\/nichtnur.com\/wp-content\/uploads\/2024\/12\/IMG_7315-225x300.jpg 225w, https:\/\/nichtnur.com\/wp-content\/uploads\/2024\/12\/IMG_7315-1152x1536.jpg 1152w, https:\/\/nichtnur.com\/wp-content\/uploads\/2024\/12\/IMG_7315-1536x2048.jpg 1536w, https:\/\/nichtnur.com\/wp-content\/uploads\/2024\/12\/IMG_7315-scaled.jpg 1920w\" sizes=\"auto, (max-width: 768px) 100vw, 768px\" \/><\/figure>\n\n\n\n<figure class=\"wp-block-image size-large\"><img loading=\"lazy\" decoding=\"async\" width=\"576\" height=\"1024\" data-id=\"190\" src=\"https:\/\/nichtnur.com\/wp-content\/uploads\/2024\/12\/IMG_7369-576x1024.jpg\" alt=\"\" class=\"wp-image-190\" srcset=\"https:\/\/nichtnur.com\/wp-content\/uploads\/2024\/12\/IMG_7369-576x1024.jpg 576w, https:\/\/nichtnur.com\/wp-content\/uploads\/2024\/12\/IMG_7369-169x300.jpg 169w, https:\/\/nichtnur.com\/wp-content\/uploads\/2024\/12\/IMG_7369-768x1365.jpg 768w, https:\/\/nichtnur.com\/wp-content\/uploads\/2024\/12\/IMG_7369-864x1536.jpg 864w, https:\/\/nichtnur.com\/wp-content\/uploads\/2024\/12\/IMG_7369-1152x2048.jpg 1152w, https:\/\/nichtnur.com\/wp-content\/uploads\/2024\/12\/IMG_7369-scaled.jpg 1440w\" sizes=\"auto, (max-width: 576px) 100vw, 576px\" \/><\/figure>\n\n\n\n<figure class=\"wp-block-image size-large\"><img loading=\"lazy\" decoding=\"async\" width=\"768\" height=\"1024\" data-id=\"187\" src=\"https:\/\/nichtnur.com\/wp-content\/uploads\/2024\/12\/IMG_7393-768x1024.jpg\" alt=\"\" class=\"wp-image-187\" srcset=\"https:\/\/nichtnur.com\/wp-content\/uploads\/2024\/12\/IMG_7393-768x1024.jpg 768w, https:\/\/nichtnur.com\/wp-content\/uploads\/2024\/12\/IMG_7393-225x300.jpg 225w, https:\/\/nichtnur.com\/wp-content\/uploads\/2024\/12\/IMG_7393-1152x1536.jpg 1152w, https:\/\/nichtnur.com\/wp-content\/uploads\/2024\/12\/IMG_7393-1536x2048.jpg 1536w, https:\/\/nichtnur.com\/wp-content\/uploads\/2024\/12\/IMG_7393-scaled.jpg 1920w\" sizes=\"auto, (max-width: 768px) 100vw, 768px\" \/><\/figure>\n\n\n\n<figure class=\"wp-block-image size-large\"><img loading=\"lazy\" decoding=\"async\" width=\"576\" height=\"1024\" data-id=\"188\" src=\"https:\/\/nichtnur.com\/wp-content\/uploads\/2024\/12\/IMG_7387-576x1024.jpg\" alt=\"\" class=\"wp-image-188\" srcset=\"https:\/\/nichtnur.com\/wp-content\/uploads\/2024\/12\/IMG_7387-576x1024.jpg 576w, https:\/\/nichtnur.com\/wp-content\/uploads\/2024\/12\/IMG_7387-169x300.jpg 169w, https:\/\/nichtnur.com\/wp-content\/uploads\/2024\/12\/IMG_7387-768x1365.jpg 768w, https:\/\/nichtnur.com\/wp-content\/uploads\/2024\/12\/IMG_7387-864x1536.jpg 864w, https:\/\/nichtnur.com\/wp-content\/uploads\/2024\/12\/IMG_7387-1152x2048.jpg 1152w, https:\/\/nichtnur.com\/wp-content\/uploads\/2024\/12\/IMG_7387-scaled.jpg 1440w\" sizes=\"auto, (max-width: 576px) 100vw, 576px\" \/><\/figure>\n\n\n\n<figure class=\"wp-block-image size-large\"><img loading=\"lazy\" decoding=\"async\" width=\"576\" height=\"1024\" data-id=\"181\" src=\"https:\/\/nichtnur.com\/wp-content\/uploads\/2024\/12\/IMG_7425-576x1024.jpg\" alt=\"\" class=\"wp-image-181\" srcset=\"https:\/\/nichtnur.com\/wp-content\/uploads\/2024\/12\/IMG_7425-576x1024.jpg 576w, https:\/\/nichtnur.com\/wp-content\/uploads\/2024\/12\/IMG_7425-169x300.jpg 169w, https:\/\/nichtnur.com\/wp-content\/uploads\/2024\/12\/IMG_7425-768x1365.jpg 768w, https:\/\/nichtnur.com\/wp-content\/uploads\/2024\/12\/IMG_7425-864x1536.jpg 864w, https:\/\/nichtnur.com\/wp-content\/uploads\/2024\/12\/IMG_7425-1152x2048.jpg 1152w, https:\/\/nichtnur.com\/wp-content\/uploads\/2024\/12\/IMG_7425-scaled.jpg 1440w\" sizes=\"auto, (max-width: 576px) 100vw, 576px\" \/><\/figure>\n\n\n\n<figure class=\"wp-block-image size-large\"><img loading=\"lazy\" decoding=\"async\" width=\"576\" height=\"1024\" data-id=\"177\" src=\"https:\/\/nichtnur.com\/wp-content\/uploads\/2024\/12\/IMG_7535-576x1024.jpg\" alt=\"\" class=\"wp-image-177\" srcset=\"https:\/\/nichtnur.com\/wp-content\/uploads\/2024\/12\/IMG_7535-576x1024.jpg 576w, https:\/\/nichtnur.com\/wp-content\/uploads\/2024\/12\/IMG_7535-169x300.jpg 169w, https:\/\/nichtnur.com\/wp-content\/uploads\/2024\/12\/IMG_7535-768x1365.jpg 768w, https:\/\/nichtnur.com\/wp-content\/uploads\/2024\/12\/IMG_7535-864x1536.jpg 864w, https:\/\/nichtnur.com\/wp-content\/uploads\/2024\/12\/IMG_7535-1152x2048.jpg 1152w, https:\/\/nichtnur.com\/wp-content\/uploads\/2024\/12\/IMG_7535-scaled.jpg 1440w\" sizes=\"auto, (max-width: 576px) 100vw, 576px\" \/><\/figure>\n<\/figure>\n\n\n\n<h2 class=\"wp-block-heading\">Vanille aus Mexico<\/h2>\n\n\n\n<p>Wusstest du, das Vanille urspr\u00fcnglich aus Mexico kommt? In unserem L\u00e4deli kannst du Vanille aus Veracruz, Mexiko erwerben. Sie kommt aus Biologischem Anbau und mit jedem Kauf unterst\u00fctzt du eine Bauernfamilie in den Bergen von Veracruz.<\/p>\n\n\n\n<div class=\"wp-block-columns is-layout-flex wp-container-core-columns-is-layout-28f84493 wp-block-columns-is-layout-flex\">\n<div class=\"wp-block-column is-layout-flow wp-block-column-is-layout-flow\" style=\"flex-basis:100%\">\n<figure class=\"wp-block-gallery has-nested-images columns-default is-cropped wp-block-gallery-3 is-layout-flex wp-block-gallery-is-layout-flex\">\n<figure class=\"wp-block-image size-large\"><img loading=\"lazy\" decoding=\"async\" width=\"851\" height=\"1024\" data-id=\"84\" src=\"https:\/\/nichtnur.com\/wp-content\/uploads\/2024\/09\/3f76e5e7-4e93-4522-b4cc-5522a28c8d1d-851x1024.jpg\" alt=\"\" class=\"wp-image-84\" srcset=\"https:\/\/nichtnur.com\/wp-content\/uploads\/2024\/09\/3f76e5e7-4e93-4522-b4cc-5522a28c8d1d-851x1024.jpg 851w, https:\/\/nichtnur.com\/wp-content\/uploads\/2024\/09\/3f76e5e7-4e93-4522-b4cc-5522a28c8d1d-249x300.jpg 249w, https:\/\/nichtnur.com\/wp-content\/uploads\/2024\/09\/3f76e5e7-4e93-4522-b4cc-5522a28c8d1d-768x924.jpg 768w, https:\/\/nichtnur.com\/wp-content\/uploads\/2024\/09\/3f76e5e7-4e93-4522-b4cc-5522a28c8d1d.jpg 1167w\" sizes=\"auto, (max-width: 851px) 100vw, 851px\" \/><\/figure>\n\n\n\n<figure class=\"wp-block-image size-large\"><img loading=\"lazy\" decoding=\"async\" width=\"577\" height=\"1024\" data-id=\"85\" src=\"https:\/\/nichtnur.com\/wp-content\/uploads\/2024\/09\/f6b37bb8-c68b-4292-a563-4bbc3da76c79-1-577x1024.jpg\" alt=\"\" class=\"wp-image-85\" srcset=\"https:\/\/nichtnur.com\/wp-content\/uploads\/2024\/09\/f6b37bb8-c68b-4292-a563-4bbc3da76c79-1-577x1024.jpg 577w, https:\/\/nichtnur.com\/wp-content\/uploads\/2024\/09\/f6b37bb8-c68b-4292-a563-4bbc3da76c79-1-169x300.jpg 169w, https:\/\/nichtnur.com\/wp-content\/uploads\/2024\/09\/f6b37bb8-c68b-4292-a563-4bbc3da76c79-1-768x1364.jpg 768w, https:\/\/nichtnur.com\/wp-content\/uploads\/2024\/09\/f6b37bb8-c68b-4292-a563-4bbc3da76c79-1-865x1536.jpg 865w, https:\/\/nichtnur.com\/wp-content\/uploads\/2024\/09\/f6b37bb8-c68b-4292-a563-4bbc3da76c79-1.jpg 901w\" sizes=\"auto, (max-width: 577px) 100vw, 577px\" \/><\/figure>\n\n\n\n<figure class=\"wp-block-image size-large\"><img loading=\"lazy\" decoding=\"async\" width=\"989\" height=\"1024\" data-id=\"83\" src=\"https:\/\/nichtnur.com\/wp-content\/uploads\/2024\/09\/e2e70cc7-433a-4e39-91f3-0bf82cb38d08-989x1024.jpg\" alt=\"\" class=\"wp-image-83\" srcset=\"https:\/\/nichtnur.com\/wp-content\/uploads\/2024\/09\/e2e70cc7-433a-4e39-91f3-0bf82cb38d08-989x1024.jpg 989w, https:\/\/nichtnur.com\/wp-content\/uploads\/2024\/09\/e2e70cc7-433a-4e39-91f3-0bf82cb38d08-290x300.jpg 290w, https:\/\/nichtnur.com\/wp-content\/uploads\/2024\/09\/e2e70cc7-433a-4e39-91f3-0bf82cb38d08-768x795.jpg 768w, https:\/\/nichtnur.com\/wp-content\/uploads\/2024\/09\/e2e70cc7-433a-4e39-91f3-0bf82cb38d08.jpg 1061w\" sizes=\"auto, (max-width: 989px) 100vw, 989px\" \/><\/figure>\n<\/figure>\n<\/div>\n<\/div>\n","protected":false},"excerpt":{"rendered":"<p>Kaffee R\u00f6stung Unser Kaffee kommt ohne Zwischenh\u00e4ndler in die Schweiz. Hier R\u00f6sten wir ihn selbst um euch ein unvergessliches Kaffeeerlebnis zu erm\u00f6glichen. Unser Spezialit\u00e4tenkaffee der Varit\u00e4t Catimor hat Geschmacksnoten von Marzipan, Maple, Nuss, Rohrzucker und Blutorangen. Neben der fein duftenden Tasse Kaffee nach Wahl kannst du bei uns auch die ger\u00f6steten Bohnen kaufen um ein [&hellip;]<\/p>\n","protected":false},"author":2,"featured_media":0,"parent":72,"menu_order":1,"comment_status":"closed","ping_status":"closed","template":"","meta":{"footnotes":""},"class_list":["post-6","page","type-page","status-publish","hentry"],"_links":{"self":[{"href":"https:\/\/nichtnur.com\/index.php\/wp-json\/wp\/v2\/pages\/6","targetHints":{"allow":["GET"]}}],"collection":[{"href":"https:\/\/nichtnur.com\/index.php\/wp-json\/wp\/v2\/pages"}],"about":[{"href":"https:\/\/nichtnur.com\/index.php\/wp-json\/wp\/v2\/types\/page"}],"author":[{"embeddable":true,"href":"https:\/\/nichtnur.com\/index.php\/wp-json\/wp\/v2\/users\/2"}],"replies":[{"embeddable":true,"href":"https:\/\/nichtnur.com\/index.php\/wp-json\/wp\/v2\/comments?post=6"}],"version-history":[{"count":16,"href":"https:\/\/nichtnur.com\/index.php\/wp-json\/wp\/v2\/pages\/6\/revisions"}],"predecessor-version":[{"id":296,"href":"https:\/\/nichtnur.com\/index.php\/wp-json\/wp\/v2\/pages\/6\/revisions\/296"}],"up":[{"embeddable":true,"href":"https:\/\/nichtnur.com\/index.php\/wp-json\/wp\/v2\/pages\/72"}],"wp:attachment":[{"href":"https:\/\/nichtnur.com\/index.php\/wp-json\/wp\/v2\/media?parent=6"}],"curies":[{"name":"wp","href":"https:\/\/api.w.org\/{rel}","templated":true}]}}