{"id":59,"date":"2025-04-12T16:24:50","date_gmt":"2025-04-12T16:24:50","guid":{"rendered":"https:\/\/nichtnur.com\/?page_id=59"},"modified":"2026-03-27T10:25:39","modified_gmt":"2026-03-27T10:25:39","slug":"im-und-am-see","status":"publish","type":"page","link":"https:\/\/nichtnur.com\/index.php\/fenstercafe-kirchstrasse-3-gottlieben\/im-und-am-see\/","title":{"rendered":"Im und am See"},"content":{"rendered":"\n<div class=\"wp-block-group alignfull has-background has-global-padding is-layout-constrained wp-container-core-group-is-layout-669513ed wp-block-group-is-layout-constrained\" style=\"background-color:#b7c0c7;margin-top:0;margin-bottom:0;padding-top:var(--wp--preset--spacing--50);padding-right:var(--wp--preset--spacing--50);padding-bottom:var(--wp--preset--spacing--50);padding-left:var(--wp--preset--spacing--50)\">\n<div class=\"wp-block-columns alignwide is-layout-flex wp-container-core-columns-is-layout-1da03c2a wp-block-columns-is-layout-flex\">\n<div class=\"wp-block-column is-vertically-aligned-stretch is-layout-flow wp-block-column-is-layout-flow\" style=\"flex-basis:50%\">\n<div class=\"wp-block-group is-vertical is-content-justification-stretch is-layout-flex wp-container-core-group-is-layout-444d5ee8 wp-block-group-is-layout-flex\" style=\"min-height:100%\">\n<p class=\"has-heading-font-family has-x-large-font-size\" style=\"line-height:1.2\">Den See erleben<\/p>\n\n\n\n<p>Bei uns kann man von April bis September Kayak, SUP und ein Kanu mieten, um den See vom Wasser aus zu erleben.<\/p>\n\n\n\n<figure class=\"wp-block-table is-style-stripes\"><table class=\"has-fixed-layout\" style=\"border-style:none;border-width:0px\"><tbody><tr><td><strong>pro Person<\/strong><\/td><td><strong>bis 1 h<\/strong><\/td><td><strong>bis 3 h<\/strong><\/td><td><strong>1 Tag<\/strong><\/td><\/tr><tr><td><strong>Kajak<\/strong><\/td><td><\/td><td>25.- CHF<\/td><td>40.- CHF<\/td><\/tr><tr><td><strong>SUP<\/strong><\/td><td>20.- CHF<\/td><td>40.- CHF<\/td><td>60.- CHF<\/td><\/tr><tr><td><strong>Kanu<\/strong><\/td><td><\/td><td>20.- CHF<\/td><td>30.- CHF<\/td><\/tr><tr><td><strong>One-Way-Geb\u00fchr<\/strong><\/td><td><\/td><td><\/td><td>20.- CHF<\/td><\/tr><\/tbody><\/table><\/figure>\n\n\n\n<div class=\"wp-block-group has-global-padding is-content-justification-left is-layout-constrained wp-container-core-group-is-layout-9fe8ed88 wp-block-group-is-layout-constrained\">\n<p class=\"wp-container-content-0733e5d0\">Wochentarif: <br>7 Tage Paddeln &#8211; 4 Tage bezahlen<\/p>\n\n\n\n<p class=\"wp-container-content-0733e5d0\">Familientarif:<br>Kids unter 16 Jahren in Begleitung ihrer Eltern zahlen die H\u00e4lfte, Kinder unter 6 Jahre sind gratis<\/p>\n\n\n\n<div class=\"wp-block-buttons is-layout-flex wp-block-buttons-is-layout-flex\">\n<div class=\"wp-block-button\"><a class=\"wp-block-button__link wp-element-button\" href=\"https:\/\/fareharbor.com\/embeds\/book\/lacanoa-gottlieben\/items\/?flow=1182323&amp;full-items=yes&amp;back=https:\/\/lacanoa.de\/kanuvermietung\/kanustationen\/kanustation-gottlieben\/&amp;g4=yes\">Buchen<\/a><\/div>\n<\/div>\n<\/div>\n<\/div>\n<\/div>\n\n\n\n<div class=\"wp-block-column is-vertically-aligned-center is-layout-flow wp-block-column-is-layout-flow\" style=\"flex-basis:50%\">\n<figure class=\"wp-block-image size-large is-style-rounded is-style-rounded--1\"><img loading=\"lazy\" decoding=\"async\" width=\"768\" height=\"1024\" src=\"https:\/\/nichtnur.com\/wp-content\/uploads\/2025\/04\/IMG_1199-768x1024.jpg\" alt=\"Kayak auf dem See vor Gottlieben\" class=\"wp-image-227\" style=\"object-fit:cover\" srcset=\"https:\/\/nichtnur.com\/wp-content\/uploads\/2025\/04\/IMG_1199-768x1024.jpg 768w, https:\/\/nichtnur.com\/wp-content\/uploads\/2025\/04\/IMG_1199-225x300.jpg 225w, https:\/\/nichtnur.com\/wp-content\/uploads\/2025\/04\/IMG_1199-1152x1536.jpg 1152w, https:\/\/nichtnur.com\/wp-content\/uploads\/2025\/04\/IMG_1199-1536x2048.jpg 1536w, https:\/\/nichtnur.com\/wp-content\/uploads\/2025\/04\/IMG_1199-scaled.jpg 1920w\" sizes=\"auto, (max-width: 768px) 100vw, 768px\" \/><\/figure>\n<\/div>\n<\/div>\n<\/div>\n\n\n\n<div class=\"wp-block-group alignfull has-base-background-color has-background has-global-padding is-layout-constrained wp-container-core-group-is-layout-d89aad35 wp-block-group-is-layout-constrained\" style=\"margin-top:0;margin-bottom:0;padding-top:var(--wp--preset--spacing--50);padding-right:var(--wp--preset--spacing--50);padding-bottom:var(--wp--preset--spacing--50);padding-left:var(--wp--preset--spacing--50)\">\n<div class=\"wp-block-columns alignwide is-layout-flex wp-container-core-columns-is-layout-549b0c86 wp-block-columns-is-layout-flex\">\n<div class=\"wp-block-column has-global-padding is-content-justification-left is-layout-constrained wp-container-core-column-is-layout-4f15e8fe wp-block-column-is-layout-constrained\" style=\"flex-basis:40%\">\n<figure class=\"wp-block-image size-large is-resized\"><img loading=\"lazy\" decoding=\"async\" width=\"1024\" height=\"763\" src=\"https:\/\/nichtnur.com\/wp-content\/uploads\/2023\/11\/Logo-nicht-nur-transparent-gross-1024x763.png\" alt=\"\" class=\"wp-image-23\" style=\"width:101px;height:auto\" srcset=\"https:\/\/nichtnur.com\/wp-content\/uploads\/2023\/11\/Logo-nicht-nur-transparent-gross-1024x763.png 1024w, https:\/\/nichtnur.com\/wp-content\/uploads\/2023\/11\/Logo-nicht-nur-transparent-gross-300x224.png 300w, https:\/\/nichtnur.com\/wp-content\/uploads\/2023\/11\/Logo-nicht-nur-transparent-gross-768x572.png 768w, https:\/\/nichtnur.com\/wp-content\/uploads\/2023\/11\/Logo-nicht-nur-transparent-gross-1536x1144.png 1536w, https:\/\/nichtnur.com\/wp-content\/uploads\/2023\/11\/Logo-nicht-nur-transparent-gross-2048x1526.png 2048w\" sizes=\"auto, (max-width: 1024px) 100vw, 1024px\" \/><\/figure>\n<\/div>\n\n\n\n<div class=\"wp-block-column is-layout-flow wp-container-core-column-is-layout-119bc444 wp-block-column-is-layout-flow\" style=\"flex-basis:60%\">\n<p class=\"has-heading-font-family has-x-large-font-size\" style=\"line-height:1.2\">\u201eMit jedem Paddelschlag steigt die Wahrscheinlichkeit auf ein Abenteuer und die kleinen Wellen auf dem glitzernden Wasser fl\u00fcstern dir den Weg in die Freiheit zu.\u201c<\/p>\n\n\n\n<figure class=\"wp-block-image size-large\"><img loading=\"lazy\" decoding=\"async\" width=\"1024\" height=\"456\" src=\"https:\/\/nichtnur.com\/wp-content\/uploads\/2025\/04\/Kajak-Route-1-01-1024x456.png\" alt=\"\" class=\"wp-image-230\" srcset=\"https:\/\/nichtnur.com\/wp-content\/uploads\/2025\/04\/Kajak-Route-1-01-1024x456.png 1024w, https:\/\/nichtnur.com\/wp-content\/uploads\/2025\/04\/Kajak-Route-1-01-300x134.png 300w, https:\/\/nichtnur.com\/wp-content\/uploads\/2025\/04\/Kajak-Route-1-01-768x342.png 768w, https:\/\/nichtnur.com\/wp-content\/uploads\/2025\/04\/Kajak-Route-1-01-1536x684.png 1536w, https:\/\/nichtnur.com\/wp-content\/uploads\/2025\/04\/Kajak-Route-1-01-2048x912.png 2048w\" sizes=\"auto, (max-width: 1024px) 100vw, 1024px\" \/><\/figure>\n\n\n\n<div class=\"wp-block-columns is-layout-flex wp-container-core-columns-is-layout-87beb0d0 wp-block-columns-is-layout-flex\">\n<div class=\"wp-block-column is-layout-flow wp-block-column-is-layout-flow\">\n<p class=\"wp-container-content-9cfa9a5a\">Gerne helfen wir euch, eine passende Route zu finden. <\/p>\n\n\n\n<p class=\"wp-container-content-9cfa9a5a\">Eine unserer beliebtesten Paddelwege seht ihr oben abgebildet. Diese ist gut machbar in 3h und der anstrengende Teil ist am Anfang, da man zuerst gegen die Str\u00f6mung paddeln muss.<\/p>\n<\/div>\n\n\n\n<div class=\"wp-block-column is-layout-flow wp-block-column-is-layout-flow\">\n<p>Am Seeufer hat es ein paar Stellen, bei denen man gut anlegen und eine Badepause machen kann. Das Highlight ist die Umrundung der kleinen Insel des Steigenberger Inselhotels.<\/p>\n<\/div>\n<\/div>\n<\/div>\n<\/div>\n<\/div>\n\n\n\n<div class=\"wp-block-group alignfull has-global-padding is-layout-constrained wp-container-core-group-is-layout-669513ed wp-block-group-is-layout-constrained\" style=\"margin-top:0;margin-bottom:0;padding-top:var(--wp--preset--spacing--50);padding-right:var(--wp--preset--spacing--50);padding-bottom:var(--wp--preset--spacing--50);padding-left:var(--wp--preset--spacing--50)\">\n<div class=\"wp-block-group is-vertical is-content-justification-center is-layout-flex wp-container-core-group-is-layout-ce155fab wp-block-group-is-layout-flex\">\n<h2 class=\"wp-block-heading has-text-align-center has-xx-large-font-size\">Ein paar Impressionen<\/h2>\n<\/div>\n\n\n\n<div class=\"wp-block-columns alignwide is-layout-flex wp-container-core-columns-is-layout-4935966c wp-block-columns-is-layout-flex\" style=\"padding-right:0;padding-left:0\">\n<div class=\"wp-block-column is-layout-flow wp-block-column-is-layout-flow\">\n<figure class=\"wp-block-image size-full is-style-rounded is-style-rounded--2\"><img loading=\"lazy\" decoding=\"async\" width=\"2560\" height=\"1920\" src=\"https:\/\/nichtnur.com\/wp-content\/uploads\/2025\/04\/IMG_1189-scaled.jpg\" alt=\"\" class=\"wp-image-231\" style=\"aspect-ratio:1;object-fit:cover\" srcset=\"https:\/\/nichtnur.com\/wp-content\/uploads\/2025\/04\/IMG_1189-scaled.jpg 2560w, https:\/\/nichtnur.com\/wp-content\/uploads\/2025\/04\/IMG_1189-300x225.jpg 300w, https:\/\/nichtnur.com\/wp-content\/uploads\/2025\/04\/IMG_1189-1024x768.jpg 1024w, https:\/\/nichtnur.com\/wp-content\/uploads\/2025\/04\/IMG_1189-768x576.jpg 768w, https:\/\/nichtnur.com\/wp-content\/uploads\/2025\/04\/IMG_1189-1536x1152.jpg 1536w, https:\/\/nichtnur.com\/wp-content\/uploads\/2025\/04\/IMG_1189-2048x1536.jpg 2048w\" sizes=\"auto, (max-width: 2560px) 100vw, 2560px\" \/><\/figure>\n<\/div>\n\n\n\n<div class=\"wp-block-column is-layout-flow wp-block-column-is-layout-flow\">\n<figure class=\"wp-block-image size-full is-style-rounded is-style-rounded--3\"><img loading=\"lazy\" decoding=\"async\" width=\"1200\" height=\"1600\" src=\"https:\/\/nichtnur.com\/wp-content\/uploads\/2025\/04\/WhatsApp-Bild-2025-04-12-um-18.14.50_e484bfd9.jpg\" alt=\"\" class=\"wp-image-236\" style=\"aspect-ratio:1;object-fit:cover\" srcset=\"https:\/\/nichtnur.com\/wp-content\/uploads\/2025\/04\/WhatsApp-Bild-2025-04-12-um-18.14.50_e484bfd9.jpg 1200w, https:\/\/nichtnur.com\/wp-content\/uploads\/2025\/04\/WhatsApp-Bild-2025-04-12-um-18.14.50_e484bfd9-225x300.jpg 225w, https:\/\/nichtnur.com\/wp-content\/uploads\/2025\/04\/WhatsApp-Bild-2025-04-12-um-18.14.50_e484bfd9-768x1024.jpg 768w, https:\/\/nichtnur.com\/wp-content\/uploads\/2025\/04\/WhatsApp-Bild-2025-04-12-um-18.14.50_e484bfd9-1152x1536.jpg 1152w\" sizes=\"auto, (max-width: 1200px) 100vw, 1200px\" \/><\/figure>\n<\/div>\n\n\n\n<div class=\"wp-block-column is-layout-flow wp-block-column-is-layout-flow\">\n<figure class=\"wp-block-image size-full is-style-rounded is-style-rounded--4\"><img loading=\"lazy\" decoding=\"async\" width=\"936\" height=\"900\" src=\"https:\/\/nichtnur.com\/wp-content\/uploads\/2025\/04\/WhatsApp-Bild-2025-04-12-um-18.20.37_b73f7841-e1744475028757.jpg\" alt=\"\" class=\"wp-image-237\" style=\"aspect-ratio:1;object-fit:cover\" srcset=\"https:\/\/nichtnur.com\/wp-content\/uploads\/2025\/04\/WhatsApp-Bild-2025-04-12-um-18.20.37_b73f7841-e1744475028757.jpg 936w, https:\/\/nichtnur.com\/wp-content\/uploads\/2025\/04\/WhatsApp-Bild-2025-04-12-um-18.20.37_b73f7841-e1744475028757-300x288.jpg 300w, https:\/\/nichtnur.com\/wp-content\/uploads\/2025\/04\/WhatsApp-Bild-2025-04-12-um-18.20.37_b73f7841-e1744475028757-768x738.jpg 768w\" sizes=\"auto, (max-width: 936px) 100vw, 936px\" \/><\/figure>\n<\/div>\n\n\n\n<div class=\"wp-block-column is-layout-flow wp-block-column-is-layout-flow\">\n<figure class=\"wp-block-image size-full is-style-rounded is-style-rounded--5\"><img loading=\"lazy\" decoding=\"async\" width=\"1200\" height=\"1600\" src=\"https:\/\/nichtnur.com\/wp-content\/uploads\/2025\/04\/WhatsApp-Bild-2025-04-12-um-18.13.48_b011c164.jpg\" alt=\"\" class=\"wp-image-235\" style=\"aspect-ratio:1;object-fit:cover\" srcset=\"https:\/\/nichtnur.com\/wp-content\/uploads\/2025\/04\/WhatsApp-Bild-2025-04-12-um-18.13.48_b011c164.jpg 1200w, https:\/\/nichtnur.com\/wp-content\/uploads\/2025\/04\/WhatsApp-Bild-2025-04-12-um-18.13.48_b011c164-225x300.jpg 225w, https:\/\/nichtnur.com\/wp-content\/uploads\/2025\/04\/WhatsApp-Bild-2025-04-12-um-18.13.48_b011c164-768x1024.jpg 768w, https:\/\/nichtnur.com\/wp-content\/uploads\/2025\/04\/WhatsApp-Bild-2025-04-12-um-18.13.48_b011c164-1152x1536.jpg 1152w\" sizes=\"auto, (max-width: 1200px) 100vw, 1200px\" \/><\/figure>\n<\/div>\n<\/div>\n<\/div>\n\n\n\n<div class=\"wp-block-group alignfull has-base-color has-contrast-background-color has-text-color has-background has-link-color wp-elements-6e89302c26e548cc5e0881a5f2de9595 has-global-padding is-layout-constrained wp-container-core-group-is-layout-d89aad35 wp-block-group-is-layout-constrained\" style=\"margin-top:0;margin-bottom:0;padding-top:var(--wp--preset--spacing--50);padding-right:var(--wp--preset--spacing--50);padding-bottom:var(--wp--preset--spacing--50);padding-left:var(--wp--preset--spacing--50)\">\n<h2 class=\"wp-block-heading alignwide has-base-color has-text-color has-link-color wp-elements-c9b5699bdecff18878afa112249018b5\" style=\"font-size:clamp(4.509rem, 4.509rem + ((1vw - 0.2rem) * 9.152), 10rem);letter-spacing:-0.02em\">FAQs<\/h2>\n\n\n\n<div class=\"wp-block-group alignwide is-layout-flow wp-block-group-is-layout-flow\">\n<hr class=\"wp-block-separator has-text-color has-base-color has-alpha-channel-opacity has-base-background-color has-background is-style-wide\"\/>\n\n\n\n<details class=\"wp-block-details is-style-arrow-icon-details has-medium-font-size is-layout-flow wp-block-details-is-layout-flow\" style=\"border-top-style:none;border-top-width:0px;border-right-style:none;border-right-width:0px;border-bottom-color:var(--wp--preset--color--base);border-bottom-style:solid;border-bottom-width:1px;border-left-style:none;border-left-width:0px;margin-top:0\"><summary>Wie soll ich mich anziehen?<\/summary>\n<p class=\"has-contrast-1-color has-text-color has-link-color wp-elements-cf4cb9bac522d5040bff4fae2892807d\">Wir empfehlen dir eine kurze Hose und ein Tshirt zu tragen. Nur im Badekleid kann etwas unangenehm werden. Vergiss auch nicht einen Sonnenhut mit zu bringen. Auf dem Wasser brennt es ganz sch\u00f6n runter. Auch Sonnencreme und eine Sonnenbrille sind von Vorteil. F\u00fcr die Schuhe empfehlen wir entweder Badeschuhe oder FlipFlops welche ihr dann ausziehen k\u00f6nnt um Barfuss zu paddeln. Schweres Schuhwerk welches sich mit Wasser aufsaugen kann empfehlen wir nicht. Es kann auch etwas nass werden im Boot.<\/p>\n<\/details>\n\n\n\n<details class=\"wp-block-details is-style-arrow-icon-details has-medium-font-size is-layout-flow wp-block-details-is-layout-flow\" style=\"border-top-style:none;border-top-width:0px;border-right-style:none;border-right-width:0px;border-bottom-color:var(--wp--preset--color--base);border-bottom-style:solid;border-bottom-width:1px;border-left-style:none;border-left-width:0px;margin-top:0\"><summary>Was soll ich sonst noch mitbringen?<\/summary>\n<ul class=\"wp-block-list\">\n<li>eine Wasserflasche<\/li>\n\n\n\n<li>Sonnencreme<\/li>\n\n\n\n<li>wenn du magst etwas Proviant<\/li>\n\n\n\n<li>Badetuch sowie Badezeug sofern ihr auch reinspringen wollt<\/li>\n<\/ul>\n<\/details>\n\n\n\n<details class=\"wp-block-details is-style-arrow-icon-details has-medium-font-size is-layout-flow wp-block-details-is-layout-flow\" style=\"border-top-style:none;border-top-width:0px;border-right-style:none;border-right-width:0px;border-bottom-color:var(--wp--preset--color--base);border-bottom-style:solid;border-bottom-width:1px;border-left-style:none;border-left-width:0px;margin-top:0\"><summary>Ich bin noch nie gepaddelt, macht das etwas?<\/summary>\n<p class=\"has-contrast-1-color has-text-color has-link-color wp-elements-b167d13b457da5034af6a9bbfe04b817\">Das ist \u00fcberhaupt kein Problem. Wir geben dir am Anfang Instruktionen worauf ihr achten m\u00fcsst, wo ihr hin fahren d\u00fcrft, wo nicht und nat\u00fcrlich auch etwas Technik zum paddeln selbst. Wir empfehlen allerdings, dass du dir in einem solchen Fall nicht gleich eine riesige Route vornimmst.<\/p>\n<\/details>\n\n\n\n<details class=\"wp-block-details is-style-arrow-icon-details has-medium-font-size is-layout-flow wp-block-details-is-layout-flow\" style=\"border-top-style:none;border-top-width:0px;border-right-style:none;border-right-width:0px;border-bottom-color:var(--wp--preset--color--base);border-bottom-style:solid;border-bottom-width:1px;border-left-style:none;border-left-width:0px;margin-top:0\"><summary>Werde ich nass?<\/summary>\n<p class=\"has-contrast-1-color has-text-color has-link-color wp-elements-59dcbad5fae909413c9f0944405202d5\">Grunds\u00e4tzlich sind die Boote stabil und kentern nicht so schnell. Jeh nachdem wie man f\u00e4hrt kann man sie aber auch zum kentern bringen. Das h\u00e4ngt ganz von eurem Paddelstil ab. Etwas Wasser kommt allerdings immer ins Boot vom paddeln selbst.<\/p>\n<\/details>\n\n\n\n<div style=\"margin-top:var(--wp--preset--spacing--10);margin-bottom:0;height:var(--wp--preset--spacing--10)\" aria-hidden=\"true\" class=\"wp-block-spacer\"><\/div>\n<\/div>\n<\/div>\n\n\n<p><script async src=\"https:\/\/www.googletagmanager.com\/gtag\/js?id=G-KH5MWVK2QB\"><\/script><br \/><script><br \/>\n  window.dataLayer = window.dataLayer || [];<br \/>\n  function gtag(){dataLayer.push(arguments);}<br \/>\n  gtag('js', new Date());<\/p>\n<p>  gtag('config', 'G-KH5MWVK2QB');<br \/>\n<\/script><br \/><!-- Google Tag Manager --><br \/><script>(function(w,d,s,l,i){w[l]=w[l]||[];w[l].push({'gtm.start':<br \/>\nnew Date().getTime(),event:'gtm.js'});var f=d.getElementsByTagName(s)[0],<br \/>\nj=d.createElement(s),dl=l!='dataLayer'?'&l='+l:'';j.async=true;j.src=<br \/>\n'https:\/\/www.googletagmanager.com\/gtm.js?id='+i+dl;f.parentNode.insertBefore(j,f);<br \/>\n})(window,document,'script','dataLayer','GTM-KBX6PGHS');<\/script><br \/><!-- End Google Tag Manager --><\/p>","protected":false},"excerpt":{"rendered":"<p>Den See erleben Bei uns kann man von April bis September Kayak, SUP und ein Kanu mieten, um den See vom Wasser aus zu erleben. pro Person bis 1 h bis 3 h 1 Tag Kajak 25.- CHF 40.- CHF SUP 20.- CHF 40.- CHF 60.- CHF Kanu 20.- CHF 30.- CHF One-Way-Geb\u00fchr 20.- CHF [&hellip;]<\/p>\n","protected":false},"author":2,"featured_media":0,"parent":72,"menu_order":0,"comment_status":"closed","ping_status":"closed","template":"","meta":{"footnotes":""},"class_list":["post-59","page","type-page","status-publish","hentry"],"_links":{"self":[{"href":"https:\/\/nichtnur.com\/index.php\/wp-json\/wp\/v2\/pages\/59","targetHints":{"allow":["GET"]}}],"collection":[{"href":"https:\/\/nichtnur.com\/index.php\/wp-json\/wp\/v2\/pages"}],"about":[{"href":"https:\/\/nichtnur.com\/index.php\/wp-json\/wp\/v2\/types\/page"}],"author":[{"embeddable":true,"href":"https:\/\/nichtnur.com\/index.php\/wp-json\/wp\/v2\/users\/2"}],"replies":[{"embeddable":true,"href":"https:\/\/nichtnur.com\/index.php\/wp-json\/wp\/v2\/comments?post=59"}],"version-history":[{"count":13,"href":"https:\/\/nichtnur.com\/index.php\/wp-json\/wp\/v2\/pages\/59\/revisions"}],"predecessor-version":[{"id":274,"href":"https:\/\/nichtnur.com\/index.php\/wp-json\/wp\/v2\/pages\/59\/revisions\/274"}],"up":[{"embeddable":true,"href":"https:\/\/nichtnur.com\/index.php\/wp-json\/wp\/v2\/pages\/72"}],"wp:attachment":[{"href":"https:\/\/nichtnur.com\/index.php\/wp-json\/wp\/v2\/media?parent=59"}],"curies":[{"name":"wp","href":"https:\/\/api.w.org\/{rel}","templated":true}]}}