{"id":119,"date":"2024-09-20T12:41:42","date_gmt":"2024-09-20T12:41:42","guid":{"rendered":"https:\/\/nichtnur.com\/?page_id=119"},"modified":"2024-09-20T13:34:31","modified_gmt":"2024-09-20T13:34:31","slug":"impressum","status":"publish","type":"page","link":"https:\/\/nichtnur.com\/index.php\/impressum\/","title":{"rendered":"Impressum"},"content":{"rendered":"<!-- Google Tag Manager -->\n<script>(function(w,d,s,l,i){w[l]=w[l]||[];w[l].push({'gtm.start':\nnew Date().getTime(),event:'gtm.js'});var f=d.getElementsByTagName(s)[0],\nj=d.createElement(s),dl=l!='dataLayer'?'&l='+l:'';j.async=true;j.src=\n'https:\/\/www.googletagmanager.com\/gtm.js?id='+i+dl;f.parentNode.insertBefore(j,f);\n})(window,document,'script','dataLayer','GTM-KBX6PGHS');<\/script>\n<!-- End Google Tag Manager -->\n\n<p>nichtnur Fenstercaf\u00e9<br>Kirchstrasse 3<br>8274 Gottlieben<br><\/p>\n\n\n\n<p>betrieben von: <br>Ariz GmbH<br>Blumenweg 1<br>8274 T\u00e4gerwilen<\/p>\n\n\n\n<p>Vertreten durch Saul Arizmendi, Gesellschafter und Gesch\u00e4ftsf\u00fchrer<br><br><\/p>\n\n\n\n<p>UID: CHE-408.602.067<\/p>\n\n\n\n<p><\/p>\n","protected":false},"excerpt":{"rendered":"<p>nichtnur Fenstercaf\u00e9Kirchstrasse 38274 Gottlieben betrieben von: Ariz GmbHBlumenweg 18274 T\u00e4gerwilen Vertreten durch Saul Arizmendi, Gesellschafter und Gesch\u00e4ftsf\u00fchrer UID: CHE-408.602.067<\/p>\n","protected":false},"author":2,"featured_media":0,"parent":0,"menu_order":0,"comment_status":"closed","ping_status":"closed","template":"","meta":{"footnotes":""},"class_list":["post-119","page","type-page","status-publish","hentry"],"_links":{"self":[{"href":"https:\/\/nichtnur.com\/index.php\/wp-json\/wp\/v2\/pages\/119","targetHints":{"allow":["GET"]}}],"collection":[{"href":"https:\/\/nichtnur.com\/index.php\/wp-json\/wp\/v2\/pages"}],"about":[{"href":"https:\/\/nichtnur.com\/index.php\/wp-json\/wp\/v2\/types\/page"}],"author":[{"embeddable":true,"href":"https:\/\/nichtnur.com\/index.php\/wp-json\/wp\/v2\/users\/2"}],"replies":[{"embeddable":true,"href":"https:\/\/nichtnur.com\/index.php\/wp-json\/wp\/v2\/comments?post=119"}],"version-history":[{"count":2,"href":"https:\/\/nichtnur.com\/index.php\/wp-json\/wp\/v2\/pages\/119\/revisions"}],"predecessor-version":[{"id":135,"href":"https:\/\/nichtnur.com\/index.php\/wp-json\/wp\/v2\/pages\/119\/revisions\/135"}],"wp:attachment":[{"href":"https:\/\/nichtnur.com\/index.php\/wp-json\/wp\/v2\/media?parent=119"}],"curies":[{"name":"wp","href":"https:\/\/api.w.org\/{rel}","templated":true}]}}