{"id":102,"date":"2024-09-20T10:57:58","date_gmt":"2024-09-20T10:57:58","guid":{"rendered":"https:\/\/nichtnur.com\/?page_id=102"},"modified":"2025-05-14T11:21:45","modified_gmt":"2025-05-14T11:21:45","slug":"kontaktiere-uns","status":"publish","type":"page","link":"https:\/\/nichtnur.com\/index.php\/fenstercafe-kirchstrasse-3-gottlieben\/kontaktiere-uns\/","title":{"rendered":"Kontaktiere uns"},"content":{"rendered":"<p><!-- Google tag (gtag.js) -->Du m\u00f6chtest bei uns \u00dcbernachten, hast eine Frage, Anregung oder sonst Etwas das du uns gerne mitteilen m\u00f6chtest? Dann schribe uns gerne eine E-Mail.<br \/><!-- Google Tag Manager --><!-- End Google Tag Manager --><\/p>\n\n<style id=\"wpforms-css-vars-root\">\n\t\t\t\t:root {\n\t\t\t\t\t--wpforms-field-border-radius: 3px;\n--wpforms-field-border-style: solid;\n--wpforms-field-border-size: 1px;\n--wpforms-field-background-color: #ffffff;\n--wpforms-field-border-color: rgba( 0, 0, 0, 0.25 );\n--wpforms-field-border-color-spare: rgba( 0, 0, 0, 0.25 );\n--wpforms-field-text-color: rgba( 0, 0, 0, 0.7 );\n--wpforms-field-menu-color: #ffffff;\n--wpforms-label-color: rgba( 0, 0, 0, 0.85 );\n--wpforms-label-sublabel-color: rgba( 0, 0, 0, 0.55 );\n--wpforms-label-error-color: #d63637;\n--wpforms-button-border-radius: 3px;\n--wpforms-button-border-style: none;\n--wpforms-button-border-size: 1px;\n--wpforms-button-background-color: #066aab;\n--wpforms-button-border-color: #066aab;\n--wpforms-button-text-color: #ffffff;\n--wpforms-page-break-color: #066aab;\n--wpforms-background-image: none;\n--wpforms-background-position: center center;\n--wpforms-background-repeat: no-repeat;\n--wpforms-background-size: cover;\n--wpforms-background-width: 100px;\n--wpforms-background-height: 100px;\n--wpforms-background-color: rgba( 0, 0, 0, 0 );\n--wpforms-background-url: none;\n--wpforms-container-padding: 0px;\n--wpforms-container-border-style: none;\n--wpforms-container-border-width: 1px;\n--wpforms-container-border-color: #000000;\n--wpforms-container-border-radius: 3px;\n--wpforms-field-size-input-height: 43px;\n--wpforms-field-size-input-spacing: 15px;\n--wpforms-field-size-font-size: 16px;\n--wpforms-field-size-line-height: 19px;\n--wpforms-field-size-padding-h: 14px;\n--wpforms-field-size-checkbox-size: 16px;\n--wpforms-field-size-sublabel-spacing: 5px;\n--wpforms-field-size-icon-size: 1;\n--wpforms-label-size-font-size: 16px;\n--wpforms-label-size-line-height: 19px;\n--wpforms-label-size-sublabel-font-size: 14px;\n--wpforms-label-size-sublabel-line-height: 17px;\n--wpforms-button-size-font-size: 17px;\n--wpforms-button-size-height: 41px;\n--wpforms-button-size-padding-h: 15px;\n--wpforms-button-size-margin-top: 10px;\n--wpforms-container-shadow-size-box-shadow: none;\n\n\t\t\t\t}\n\t\t\t<\/style><div class=\"wpforms-container wpforms-container-full wpforms-block wpforms-block-5c631be0-09a4-4da9-9b0a-c120459a8919 wpforms-render-modern\" id=\"wpforms-104\"><form id=\"wpforms-form-104\" class=\"wpforms-validate wpforms-form wpforms-ajax-form\" data-formid=\"104\" method=\"post\" enctype=\"multipart\/form-data\" action=\"\/index.php\/wp-json\/wp\/v2\/pages\/102\" data-token=\"8ba15baa5f37eaa27ad0b8429cb84f72\" data-token-time=\"1776347946\"><noscript class=\"wpforms-error-noscript\">Bitte aktiviere JavaScript in deinem Browser, um dieses Formular fertigzustellen.<\/noscript><div class=\"wpforms-hidden\" id=\"wpforms-error-noscript\">Bitte aktiviere JavaScript in deinem Browser, um dieses Formular fertigzustellen.<\/div><div class=\"wpforms-field-container\"><div id=\"wpforms-104-field_1-container\" class=\"wpforms-field wpforms-field-name\" data-field-id=\"1\"><fieldset><legend class=\"wpforms-field-label\">Name <span class=\"wpforms-required-label\" aria-hidden=\"true\">*<\/span><\/legend><div class=\"wpforms-field-row wpforms-field-medium\"><div class=\"wpforms-field-row-block wpforms-first wpforms-one-half\"><input type=\"text\" id=\"wpforms-104-field_1\" class=\"wpforms-field-name-first wpforms-field-required\" name=\"wpforms[fields][1][first]\" aria-errormessage=\"wpforms-104-field_1-error\" required><label for=\"wpforms-104-field_1\" class=\"wpforms-field-sublabel after\">Vorname<\/label><\/div><div class=\"wpforms-field-row-block wpforms-one-half\"><input type=\"text\" id=\"wpforms-104-field_1-last\" class=\"wpforms-field-name-last wpforms-field-required\" name=\"wpforms[fields][1][last]\" aria-errormessage=\"wpforms-104-field_1-last-error\" required><label for=\"wpforms-104-field_1-last\" class=\"wpforms-field-sublabel after\">Nachname<\/label><\/div><\/div><\/fieldset><\/div><div id=\"wpforms-104-field_2-container\" class=\"wpforms-field wpforms-field-email\" data-field-id=\"2\"><label class=\"wpforms-field-label\" for=\"wpforms-104-field_2\">E-Mail-Adresse <span class=\"wpforms-required-label\" aria-hidden=\"true\">*<\/span><\/label><input type=\"email\" id=\"wpforms-104-field_2\" class=\"wpforms-field-medium wpforms-field-required\" name=\"wpforms[fields][2]\" spellcheck=\"false\" aria-errormessage=\"wpforms-104-field_2-error\" required><\/div><div id=\"wpforms-104-field_3-container\" class=\"wpforms-field wpforms-field-textarea\" data-field-id=\"3\"><label class=\"wpforms-field-label\" for=\"wpforms-104-field_3\">Kommentar oder Nachricht<\/label><textarea id=\"wpforms-104-field_3\" class=\"wpforms-field-medium\" name=\"wpforms[fields][3]\" aria-errormessage=\"wpforms-104-field_3-error\" ><\/textarea><\/div><\/div><!-- .wpforms-field-container --><div class=\"wpforms-submit-container\" ><input type=\"hidden\" name=\"wpforms[id]\" value=\"104\"><input type=\"hidden\" name=\"page_title\" value=\"\"><input type=\"hidden\" name=\"page_url\" value=\"https:\/\/nichtnur.com\/index.php\/wp-json\/wp\/v2\/pages\/102\"><button type=\"submit\" name=\"wpforms[submit]\" id=\"wpforms-submit-104\" class=\"wpforms-submit\" data-alt-text=\"Wird gesendet\u00a0\u2026\" data-submit-text=\"Absenden\" aria-live=\"assertive\" value=\"wpforms-submit\">Absenden<\/button><img loading=\"lazy\" decoding=\"async\" src=\"https:\/\/nichtnur.com\/wp-content\/plugins\/wpforms-lite\/assets\/images\/submit-spin.svg\" class=\"wpforms-submit-spinner\" style=\"display: none;\" width=\"26\" height=\"26\" alt=\"Wird geladen\"><\/div><\/form><\/div>  <!-- .wpforms-container -->\n\n\n<div class=\"wp-block-group alignfull has-accent-4-background-color has-background is-vertical is-content-justification-center is-nowrap is-layout-flex wp-container-core-group-is-layout-2215816d wp-block-group-is-layout-flex\" style=\"min-height:100vh;margin-top:0;margin-bottom:0;padding-top:var(--wp--preset--spacing--50);padding-right:var(--wp--preset--spacing--50);padding-bottom:var(--wp--preset--spacing--50);padding-left:var(--wp--preset--spacing--50)\">\n<figure class=\"wp-block-gallery has-nested-images columns-default is-cropped wp-block-gallery-1 is-layout-flex wp-block-gallery-is-layout-flex\">\n<figure class=\"wp-block-image size-large\"><img loading=\"lazy\" decoding=\"async\" width=\"612\" height=\"1024\" data-id=\"167\" src=\"https:\/\/nichtnur.com\/wp-content\/uploads\/2024\/12\/IMG_0120-612x1024.jpg\" alt=\"\" class=\"wp-image-167\" srcset=\"https:\/\/nichtnur.com\/wp-content\/uploads\/2024\/12\/IMG_0120-612x1024.jpg 612w, https:\/\/nichtnur.com\/wp-content\/uploads\/2024\/12\/IMG_0120-179x300.jpg 179w, https:\/\/nichtnur.com\/wp-content\/uploads\/2024\/12\/IMG_0120-768x1285.jpg 768w, https:\/\/nichtnur.com\/wp-content\/uploads\/2024\/12\/IMG_0120-918x1536.jpg 918w, https:\/\/nichtnur.com\/wp-content\/uploads\/2024\/12\/IMG_0120.jpg 1179w\" sizes=\"auto, (max-width: 612px) 100vw, 612px\" \/><\/figure>\n\n\n\n<figure class=\"wp-block-image size-large\"><img loading=\"lazy\" decoding=\"async\" width=\"576\" height=\"1024\" data-id=\"181\" src=\"https:\/\/nichtnur.com\/wp-content\/uploads\/2024\/12\/IMG_7425-576x1024.jpg\" alt=\"\" class=\"wp-image-181\" srcset=\"https:\/\/nichtnur.com\/wp-content\/uploads\/2024\/12\/IMG_7425-576x1024.jpg 576w, https:\/\/nichtnur.com\/wp-content\/uploads\/2024\/12\/IMG_7425-169x300.jpg 169w, https:\/\/nichtnur.com\/wp-content\/uploads\/2024\/12\/IMG_7425-768x1365.jpg 768w, https:\/\/nichtnur.com\/wp-content\/uploads\/2024\/12\/IMG_7425-864x1536.jpg 864w, https:\/\/nichtnur.com\/wp-content\/uploads\/2024\/12\/IMG_7425-1152x2048.jpg 1152w, https:\/\/nichtnur.com\/wp-content\/uploads\/2024\/12\/IMG_7425-scaled.jpg 1440w\" sizes=\"auto, (max-width: 576px) 100vw, 576px\" \/><\/figure>\n\n\n\n<figure class=\"wp-block-image size-large\"><img loading=\"lazy\" decoding=\"async\" width=\"577\" height=\"1024\" data-id=\"170\" src=\"https:\/\/nichtnur.com\/wp-content\/uploads\/2024\/12\/IMG_0121-577x1024.jpg\" alt=\"\" class=\"wp-image-170\" srcset=\"https:\/\/nichtnur.com\/wp-content\/uploads\/2024\/12\/IMG_0121-577x1024.jpg 577w, https:\/\/nichtnur.com\/wp-content\/uploads\/2024\/12\/IMG_0121-169x300.jpg 169w, https:\/\/nichtnur.com\/wp-content\/uploads\/2024\/12\/IMG_0121-768x1363.jpg 768w, https:\/\/nichtnur.com\/wp-content\/uploads\/2024\/12\/IMG_0121-865x1536.jpg 865w, https:\/\/nichtnur.com\/wp-content\/uploads\/2024\/12\/IMG_0121-1154x2048.jpg 1154w, https:\/\/nichtnur.com\/wp-content\/uploads\/2024\/12\/IMG_0121.jpg 1179w\" sizes=\"auto, (max-width: 577px) 100vw, 577px\" \/><\/figure>\n<\/figure>\n<\/div>\n\n\n\n<!-- Begin Brevo Form -->\n<!-- START - We recommend to place the below code in head tag of your website html  -->\n<style>\n  @font-face {\n    font-display: block;\n    font-family: Roboto;\n    src: url(https:\/\/assets.brevo.com\/font\/Roboto\/Latin\/normal\/normal\/7529907e9eaf8ebb5220c5f9850e3811.woff2) format(\"woff2\"), url(https:\/\/assets.brevo.com\/font\/Roboto\/Latin\/normal\/normal\/25c678feafdc175a70922a116c9be3e7.woff) format(\"woff\")\n  }\n\n  @font-face {\n    font-display: fallback;\n    font-family: Roboto;\n    font-weight: 600;\n    src: url(https:\/\/assets.brevo.com\/font\/Roboto\/Latin\/medium\/normal\/6e9caeeafb1f3491be3e32744bc30440.woff2) format(\"woff2\"), url(https:\/\/assets.brevo.com\/font\/Roboto\/Latin\/medium\/normal\/71501f0d8d5aa95960f6475d5487d4c2.woff) format(\"woff\")\n  }\n\n  @font-face {\n    font-display: fallback;\n    font-family: Roboto;\n    font-weight: 700;\n    src: url(https:\/\/assets.brevo.com\/font\/Roboto\/Latin\/bold\/normal\/3ef7cf158f310cf752d5ad08cd0e7e60.woff2) format(\"woff2\"), url(https:\/\/assets.brevo.com\/font\/Roboto\/Latin\/bold\/normal\/ece3a1d82f18b60bcce0211725c476aa.woff) format(\"woff\")\n  }\n\n  #sib-container input:-ms-input-placeholder {\n    text-align: left;\n    font-family: Helvetica, sans-serif;\n    color: #c0ccda;\n  }\n\n  #sib-container input::placeholder {\n    text-align: left;\n    font-family: Helvetica, sans-serif;\n    color: #c0ccda;\n  }\n\n  #sib-container textarea::placeholder {\n    text-align: left;\n    font-family: Helvetica, sans-serif;\n    color: #c0ccda;\n  }\n\n  #sib-container a {\n    text-decoration: underline;\n    color: #2BB2FC;\n  }\n<\/style>\n<link rel=\"stylesheet\" href=\"https:\/\/sibforms.com\/forms\/end-form\/build\/sib-styles.css\">\n<!--  END - We recommend to place the above code in head tag of your website html -->\n\n<!-- START - We recommend to place the below code where you want the form in your website html  -->\n<div class=\"sib-form\" style=\"text-align: center;\n         background-color: #faffff;                                 \">\n  <div id=\"sib-form-container\" class=\"sib-form-container\">\n    <div id=\"error-message\" class=\"sib-form-message-panel\" style=\"font-size:16px; text-align:left; font-family:Helvetica, sans-serif; color:#661d1d; background-color:#ffeded; border-radius:3px; border-color:#ff4949;max-width:540px;\">\n      <div class=\"sib-form-message-panel__text sib-form-message-panel__text--center\">\n        <svg viewBox=\"0 0 512 512\" class=\"sib-icon sib-notification__icon\">\n          <path d=\"M256 40c118.621 0 216 96.075 216 216 0 119.291-96.61 216-216 216-119.244 0-216-96.562-216-216 0-119.203 96.602-216 216-216m0-32C119.043 8 8 119.083 8 256c0 136.997 111.043 248 248 248s248-111.003 248-248C504 119.083 392.957 8 256 8zm-11.49 120h22.979c6.823 0 12.274 5.682 11.99 12.5l-7 168c-.268 6.428-5.556 11.5-11.99 11.5h-8.979c-6.433 0-11.722-5.073-11.99-11.5l-7-168c-.283-6.818 5.167-12.5 11.99-12.5zM256 340c-15.464 0-28 12.536-28 28s12.536 28 28 28 28-12.536 28-28-12.536-28-28-28z\" \/>\n        <\/svg>\n        <span class=\"sib-form-message-panel__inner-text\">\n                          Da ging etwas schief. Deine Anmeldung konnte nicht gespeichert werden. Bitte versuche es erneut.\n                      <\/span>\n      <\/div>\n    <\/div>\n    <div><\/div>\n    <div id=\"success-message\" class=\"sib-form-message-panel\" style=\"font-size:16px; text-align:left; font-family:Helvetica, sans-serif; color:#085229; background-color:#e7faf0; border-radius:3px; border-color:#13ce66;max-width:540px;\">\n      <div class=\"sib-form-message-panel__text sib-form-message-panel__text--center\">\n        <svg viewBox=\"0 0 512 512\" class=\"sib-icon sib-notification__icon\">\n          <path d=\"M256 8C119.033 8 8 119.033 8 256s111.033 248 248 248 248-111.033 248-248S392.967 8 256 8zm0 464c-118.664 0-216-96.055-216-216 0-118.663 96.055-216 216-216 118.664 0 216 96.055 216 216 0 118.663-96.055 216-216 216zm141.63-274.961L217.15 376.071c-4.705 4.667-12.303 4.637-16.97-.068l-85.878-86.572c-4.667-4.705-4.637-12.303.068-16.97l8.52-8.451c4.705-4.667 12.303-4.637 16.97.068l68.976 69.533 163.441-162.13c4.705-4.667 12.303-4.637 16.97.068l8.451 8.52c4.668 4.705 4.637 12.303-.068 16.97z\" \/>\n        <\/svg>\n        <span class=\"sib-form-message-panel__inner-text\">\n                          Deine Anmeldung war erfolgreich. Du kannst dich schon bald auf deinen ersten nichtnur Newsletter freuen.\n                      <\/span>\n      <\/div>\n    <\/div>\n    <div><\/div>\n    <div id=\"sib-container\" class=\"sib-container--large sib-container--vertical\" style=\"text-align:center; background-color:rgba(255,255,255,1); max-width:540px; border-radius:3px; border-width:0px; border-color:#C0CCD9; border-style:solid; direction:ltr\">\n      <form id=\"sib-form\" method=\"POST\" action=\"https:\/\/a65a1d78.sibforms.com\/serve\/MUIFACAFEUMy-HNO-6giGA8gXSlUtttYs1GtjnYp4NOzcIcZ3N-3CoH9eELMAx10t6eeMlc87pGug7AkrhSmTExEcj9dFtfDeJPb8u9wY3tmO6du_6H6ikKS1bwFeMZ3pxwH8Xm21cTe3-lfG5G3ZCeT5o2FwwARkZCvoKb-SJKsS8NFO7E_b9GGc7ZOJLTDJoh0XOp6ir2uLR6y\" data-type=\"subscription\">\n        <div style=\"padding: 8px 0;\">\n          <div class=\"sib-form-block\" style=\"font-size:32px; text-align:left; font-weight:700; font-family:&quot;Palatino Linotype&quot;, serif; color:#3C4858; background-color:transparent; text-align:left\">\n            <p>Newsletter<\/p>\n          <\/div>\n        <\/div>\n        <div style=\"padding: 8px 0;\">\n          <div class=\"sib-form-block\" style=\"font-size:16px; text-align:left; font-family:Helvetica, sans-serif; color:#3C4858; background-color:transparent; text-align:left\">\n            <div class=\"sib-text-form-block\">\n              <p>Du m\u00f6chtes nichtnur Gast sein sondern auch auf dem laufenden bleiben was bei uns alles so geht? Dann melde dich zu unserem nichtnur Newsletter an.<\/p>\n            <\/div>\n          <\/div>\n        <\/div>\n        <div style=\"padding: 8px 0;\">\n          <div class=\"sib-input sib-form-block\">\n            <div class=\"form__entry entry_block\">\n              <div class=\"form__label-row \">\n                <label class=\"entry__label\" style=\"font-weight: 700; text-align:left; font-size:16px; text-align:left; font-weight:700; font-family:Helvetica, sans-serif; color:#3c4858;\" for=\"EMAIL\" data-required=\"*\">Gib deine E-Mail-Adresse ein, um dich nichts mehr zu verpassen<\/label>\n\n                <div class=\"entry__field\">\n                  <input class=\"input \" type=\"text\" id=\"EMAIL\" name=\"EMAIL\" autocomplete=\"off\" placeholder=\"EMAIL\" data-required=\"true\" required \/>\n                <\/div>\n              <\/div>\n\n              <label class=\"entry__error entry__error--primary\" style=\"font-size:16px; text-align:left; font-family:Helvetica, sans-serif; color:#661d1d; background-color:#ffeded; border-radius:3px; border-color:#ff4949;\">\n              <\/label>\n              <label class=\"entry__specification\" style=\"font-size:12px; text-align:left; font-family:Helvetica, sans-serif; color:#8390A4; text-align:left\">\n                Gib bitte deine E-Mail-Adresse f\u00fcr die Anmeldung an, z. B. abc@xyz.com.\n              <\/label>\n            <\/div>\n          <\/div>\n        <\/div>\n        <div style=\"padding: 8px 0;\">\n          <div class=\"sib-optin sib-form-block\" data-required=\"true\">\n            <div class=\"form__entry entry_mcq\">\n              <div class=\"form__label-row \">\n                <div class=\"entry__choice\" style=\"\">\n                  <label>\n                    <input type=\"checkbox\" class=\"input_replaced\" value=\"1\" id=\"OPT_IN\" name=\"OPT_IN\" required \/>\n                    <span class=\"checkbox checkbox_tick_positive\"\n            style=\"margin-left:\"\n            ><\/span><span style=\"font-size:14px; text-align:left; font-family:Helvetica, sans-serif; color:#3C4858; background-color:transparent;\"><p>Ich m\u00f6chte den nichtnur Newsletter erhalten und akzeptiere die Datenschutzerkl\u00e4rung.<\/p><span data-required=\"*\" style=\"display: inline;\" class=\"entry__label entry__label_optin\"><\/span><\/span> <\/label>\n                <\/div>\n              <\/div>\n              <label class=\"entry__error entry__error--primary\" style=\"font-size:16px; text-align:left; font-family:Helvetica, sans-serif; color:#661d1d; background-color:#ffeded; border-radius:3px; border-color:#ff4949;\">\n              <\/label>\n              <label class=\"entry__specification\" style=\"font-size:12px; text-align:left; font-family:Helvetica, sans-serif; color:#8390A4; text-align:left\">\n                Du kannst den Newsletter jederzeit \u00fcber den Link in unserem Newsletter abbestellen.\n              <\/label>\n            <\/div>\n          <\/div>\n        <\/div>\n        <div style=\"padding: 8px 0;\">\n          <div class=\"sib-form-block\" style=\"text-align: left\">\n            <button class=\"sib-form-block__button sib-form-block__button-with-loader\" style=\"font-size:16px; text-align:left; font-weight:700; font-family:Helvetica, sans-serif; color:#FFFFFF; background-color:#3E4857; border-radius:3px; border-width:0px;\" form=\"sib-form\" type=\"submit\">\n              <svg class=\"icon clickable__icon progress-indicator__icon sib-hide-loader-icon\" viewBox=\"0 0 512 512\">\n                <path d=\"M460.116 373.846l-20.823-12.022c-5.541-3.199-7.54-10.159-4.663-15.874 30.137-59.886 28.343-131.652-5.386-189.946-33.641-58.394-94.896-95.833-161.827-99.676C261.028 55.961 256 50.751 256 44.352V20.309c0-6.904 5.808-12.337 12.703-11.982 83.556 4.306 160.163 50.864 202.11 123.677 42.063 72.696 44.079 162.316 6.031 236.832-3.14 6.148-10.75 8.461-16.728 5.01z\" \/>\n              <\/svg>\n              ANMELDEN\n            <\/button>\n          <\/div>\n        <\/div>\n\n        <input type=\"text\" name=\"email_address_check\" value=\"\" class=\"input--hidden\">\n        <input type=\"hidden\" name=\"locale\" value=\"de\">\n      <\/form>\n    <\/div>\n  <\/div>\n<\/div>\n<!-- END - We recommend to place the above code where you want the form in your website html  -->\n\n<!-- START - We recommend to place the below code in footer or bottom of your website html  -->\n<script>\n  window.REQUIRED_CODE_ERROR_MESSAGE = 'W\u00e4hle bitte einen L\u00e4ndervorwahl aus.';\n  window.LOCALE = 'de';\n  window.EMAIL_INVALID_MESSAGE = window.SMS_INVALID_MESSAGE = \"Ups, da stimmt etwas nicht. Bitte \u00fcberpr\u00fcfe deine Daten noch einmal und versuche es erneut.\";\n\n  window.REQUIRED_ERROR_MESSAGE = \"Dieses Feld darf nicht leer sein. \";\n\n  window.GENERIC_INVALID_MESSAGE = \"Ups, da stimmt etwas nicht. Bitte \u00fcberpr\u00fcfe deine Daten noch einmal und versuche es erneut.\";\n\n\n\n\n  window.translation = {\n    common: {\n      selectedList: '{quantity} Liste ausgew\u00e4hlt',\n      selectedLists: '{quantity} Listen ausgew\u00e4hlt'\n    }\n  };\n\n  var AUTOHIDE = Boolean(0);\n<\/script>\n\n<script defer src=\"https:\/\/sibforms.com\/forms\/end-form\/build\/main.js\"><\/script>\n\n\n<!-- END - We recommend to place the above code in footer or bottom of your website html  -->\n<!-- End Brevo Form -->\n","protected":false},"excerpt":{"rendered":"<p>Du m\u00f6chtest bei uns \u00dcbernachten, hast eine Frage, Anregung oder sonst Etwas das du uns gerne mitteilen m\u00f6chtest? Dann schribe uns gerne eine E-Mail. Da ging etwas schief. Deine Anmeldung konnte nicht gespeichert werden. Bitte versuche es erneut. Deine Anmeldung war erfolgreich. Du kannst dich schon bald auf deinen ersten nichtnur Newsletter freuen. Newsletter Du [&hellip;]<\/p>\n","protected":false},"author":2,"featured_media":0,"parent":72,"menu_order":0,"comment_status":"closed","ping_status":"closed","template":"","meta":{"footnotes":""},"class_list":["post-102","page","type-page","status-publish","hentry"],"_links":{"self":[{"href":"https:\/\/nichtnur.com\/index.php\/wp-json\/wp\/v2\/pages\/102","targetHints":{"allow":["GET"]}}],"collection":[{"href":"https:\/\/nichtnur.com\/index.php\/wp-json\/wp\/v2\/pages"}],"about":[{"href":"https:\/\/nichtnur.com\/index.php\/wp-json\/wp\/v2\/types\/page"}],"author":[{"embeddable":true,"href":"https:\/\/nichtnur.com\/index.php\/wp-json\/wp\/v2\/users\/2"}],"replies":[{"embeddable":true,"href":"https:\/\/nichtnur.com\/index.php\/wp-json\/wp\/v2\/comments?post=102"}],"version-history":[{"count":14,"href":"https:\/\/nichtnur.com\/index.php\/wp-json\/wp\/v2\/pages\/102\/revisions"}],"predecessor-version":[{"id":260,"href":"https:\/\/nichtnur.com\/index.php\/wp-json\/wp\/v2\/pages\/102\/revisions\/260"}],"up":[{"embeddable":true,"href":"https:\/\/nichtnur.com\/index.php\/wp-json\/wp\/v2\/pages\/72"}],"wp:attachment":[{"href":"https:\/\/nichtnur.com\/index.php\/wp-json\/wp\/v2\/media?parent=102"}],"curies":[{"name":"wp","href":"https:\/\/api.w.org\/{rel}","templated":true}]}}